{"id":782,"date":"2025-03-31T10:53:17","date_gmt":"2025-03-31T07:53:17","guid":{"rendered":"https:\/\/gftdemo1.gr\/%cf%8c%cf%81%ce%bf%ce%b9-%ce%b5%ce%bd%ce%bf%ce%b9%ce%b9%ce%ba%ce%af%ce%b1%cf%83%ce%b7%cf%82-%ce%b1%cf%85%cf%84%ce%bf%ce%ba%ce%b9%ce%bd%ce%ae%cf%84%ce%bf%cf%85\/"},"modified":"2025-04-18T08:59:09","modified_gmt":"2025-04-18T05:59:09","slug":"%cf%8c%cf%81%ce%bf%ce%b9-%ce%b5%ce%bd%ce%bf%ce%b9%ce%b9%ce%ba%ce%af%ce%b1%cf%83%ce%b7%cf%82-%ce%b1%cf%85%cf%84%ce%bf%ce%ba%ce%b9%ce%bd%ce%ae%cf%84%ce%bf%cf%85","status":"publish","type":"page","link":"https:\/\/grekostar.com\/de\/%cf%8c%cf%81%ce%bf%ce%b9-%ce%b5%ce%bd%ce%bf%ce%b9%ce%b9%ce%ba%ce%af%ce%b1%cf%83%ce%b7%cf%82-%ce%b1%cf%85%cf%84%ce%bf%ce%ba%ce%b9%ce%bd%ce%ae%cf%84%ce%bf%cf%85\/","title":{"rendered":"Mietbedingungen"},"content":{"rendered":"<div  class='flex_column av-b8hvh-463394c36c411819ac77b7af1e0e8d45 av_one_full  avia-builder-el-0  avia-builder-el-no-sibling  first flex_column_div  '     ><style type=\"text\/css\" data-created_by=\"avia_inline_auto\" id=\"style-css-av-m8wruxum-500703c1f260d9c06b99a4eb4f6fdaf5\">\n#top .av_textblock_section.av-m8wruxum-500703c1f260d9c06b99a4eb4f6fdaf5 .avia_textblock{\nfont-size:16px;\n}\n<\/style>\n<section  class='av_textblock_section av-m8wruxum-500703c1f260d9c06b99a4eb4f6fdaf5 '   itemscope=\"itemscope\" itemtype=\"https:\/\/schema.org\/CreativeWork\" ><div class='avia_textblock'  itemprop=\"text\" ><h2><\/h2>\n<h2><img loading=\"lazy\" decoding=\"async\" class=\"alignnone size-full wp-image-146\" src=\"https:\/\/gftdemo1.gr\/wp-content\/uploads\/2025\/03\/GREKOSTAR-LOGO-55.webp\" alt=\"\" width=\"239\" height=\"76\" \/><\/h2>\n<h3>Mietbedingungen<\/h3>\n<h3>Allgemeine Gesch\u00e4ftsbedingungen lesen<\/h3>\n<p>Reservierungen:<br \/>\nAlle Reservierungen werden \u00fcberpr\u00fcft, und Sie erhalten eine Best\u00e4tigung per E-Mail, wenn die Angaben des Fahrers den Mietanforderungen entsprechen und das Fahrzeug verf\u00fcgbar ist. Alle Reservierungen basieren auf einer Fahrzeuggruppe und nicht auf einem bestimmten Fahrzeugmodell. Falls ein best\u00e4tigtes Fahrzeug nicht verf\u00fcgbar ist, beh\u00e4lt sich Grekostar das Recht vor, dem Kunden ein Fahrzeug aus einer h\u00f6heren Kategorie ohne zus\u00e4tzliche Kosten anzubieten.<br \/>\nMindestalter des Fahrers:<br \/>\nDas Mindestalter f\u00fcr alle Mieten betr\u00e4gt 23 Jahre und das H\u00f6chstalter 75 Jahre.<br \/>\nF\u00fchrerschein:<br \/>\nDer F\u00fchrerschein muss mindestens drei Jahre vor dem Abholtermin des Fahrzeugs ausgestellt worden sein.<br \/>\nNational ausgestellte F\u00fchrerscheine aus der EU, dem Vereinigten K\u00f6nigreich, Russland und anderen europ\u00e4ischen L\u00e4ndern werden akzeptiert.<br \/>\nB\u00fcrger anderer L\u00e4nder m\u00fcssen einen g\u00fcltigen internationalen F\u00fchrerschein zusammen mit ihrem regul\u00e4ren F\u00fchrerschein vorlegen.<br \/>\nDer Fahrer muss den F\u00fchrerschein vor der Fahrzeugabholung vorzeigen.<br \/>\nZahlungsmethoden:<br \/>\nZahlung bei Fahrzeugabholung in bar, mit Kredit- oder Debitkarte.<br \/>\nBuchungsdauer und Mindestmietgeb\u00fchr:<br \/>\nDie Mindestbuchungsdauer betr\u00e4gt einen Tag.<br \/>\nM\u00f6chte der Mieter das Fahrzeug l\u00e4nger behalten als vereinbart, muss er sich mit uns in Verbindung setzen, um den Mietvertrag zu \u00e4ndern und sich \u00fcber etwaige Zusatzkosten zu informieren.<br \/>\nGrekostar beh\u00e4lt sich das Recht vor, die Verl\u00e4ngerung des Mietvertrags abzulehnen.<br \/>\nWenn das Fahrzeug sp\u00e4ter als zum vereinbarten Zeitpunkt zur\u00fcckgegeben wird, fallen zus\u00e4tzliche Geb\u00fchren an.<br \/>\nKraftstoffpolitik:<br \/>\nDer Mieter muss das Fahrzeug mit dem gleichen Kraftstoffstand zur\u00fcckgeben, wie er es erhalten hat.<br \/>\nWenn der Mieter das Fahrzeug mit weniger Kraftstoff als bei der \u00dcbergabe zur\u00fcckgibt, wird ihm die Differenz berechnet.<br \/>\nEs gibt keine R\u00fcckerstattung, wenn der Mieter das Fahrzeug mit mehr Kraftstoff zur\u00fcckgibt als bei der \u00dcbergabe.<br \/>\nKilometerleistung:<br \/>\nUnbegrenzte Kilometerleistung ist in unseren Tarifen enthalten.<br \/>\nBabyschalen, Kindersitze und Sitzerh\u00f6hungen:<br \/>\nDas Unternehmen bietet Babyschalen, Kindersitze und Sitzerh\u00f6hungen gegen Aufpreis an.<br \/>\nZus\u00e4tzliche Fahrer:<br \/>\nDer Zusatzfahrer-Service ist gegen eine zus\u00e4tzliche Geb\u00fchr verf\u00fcgbar und kann w\u00e4hrend des Buchungsprozesses oder bei der Fahrzeugabholung zum Vertrag hinzugef\u00fcgt werden.<br \/>\nMwSt. und Steuern:<br \/>\nUnsere Preise sind endg\u00fcltig und beinhalten die Mehrwertsteuer (MwSt.) sowie alle Steuern. Keine versteckten Kosten.<br \/>\nLieferung und Abholung au\u00dferhalb der Gesch\u00e4ftszeiten:<br \/>\nWir k\u00f6nnen das Mietfahrzeug auch au\u00dferhalb der Gesch\u00e4ftszeiten (22:00 \u2013 08:00) liefern und abholen. Der Aufpreis f\u00fcr diesen Service betr\u00e4gt 20,00\u20ac pro Lieferung oder Abholung.<br \/>\nVerkehrsverst\u00f6\u00dfe, Bu\u00dfgelder und Verwaltungssanktionen:<br \/>\nDer Mieter ist f\u00fcr die Bezahlung aller Bu\u00dfgelder und Verwaltungsstrafen verantwortlich, die aus einer Verletzung der griechischen Stra\u00dfenverkehrsordnung w\u00e4hrend der Mietdauer resultieren.<br \/>\nBuchungsstornierung:<br \/>\nKostenlose Stornierung \u2013 keine zeitliche Begrenzung \u2013 Bitte informieren Sie uns so fr\u00fch wie m\u00f6glich bei einer Stornierung.<br \/>\nBuchungs\u00e4nderung:<br \/>\nKeine zeitliche Begrenzung \u2013 abh\u00e4ngig von der Verf\u00fcgbarkeit<br \/>\nGrenz\u00fcberschreitende Vermietung:<br \/>\nEs ist nicht gestattet, das Fahrzeug \u00fcber die griechischen Grenzen hinaus zu fahren.<br \/>\nHaustiere \u2013 Tiere:<br \/>\nHaustiere sind im Fahrzeug erlaubt, m\u00fcssen jedoch in speziellen Transportboxen oder mit speziellen Abdeckungen transportiert werden. Andernfalls wird eine Geb\u00fchr f\u00fcr die biologische Reinigung des Fahrzeuginnenraums erhoben.<br \/>\nFahrzeugreinigung:<br \/>\nIhr Fahrzeug wird sauber, sowohl au\u00dfen als auch innen, geliefert. Bei der R\u00fcckgabe des Fahrzeugs muss die Au\u00dfenh\u00fclle in einem Zustand sein, der auf m\u00f6gliche Sch\u00e4den \u00fcberpr\u00fcft werden kann. Hinsichtlich des Innenraums: Sollte es signifikante Flecken im Fahrzeuginnenraum geben (die sich nicht durch einfache Reinigung entfernen lassen), wird eine Geb\u00fchr f\u00fcr die biologische Reinigung des Innenraums des Fahrzeugs erhoben.<br \/>\nUnfall:<br \/>\nIm Falle eines Unfalls m\u00fcssen Sie sofort unser Unternehmen und auch die Polizei benachrichtigen. Die Polizei wird den Unfall aufnehmen, und Sie m\u00fcssen eine Kopie des Polizeiberichts erhalten. Ohne Polizeibericht \u00fcbernimmt der Mieter die volle Verantwortung.<br \/>\nVersicherungen:<br \/>\nDas Unternehmen bietet drei verschiedene Versicherungskategorien f\u00fcr die Fahrzeugmiete an, die verschiedene Risiken abdecken und je nach den Bed\u00fcrfnissen und Vorlieben des Mieters variieren. Die Versicherungskategorien sind wie folgt:<\/p>\n<p>Basisversicherung<br \/>\nDie Basisversicherung bietet den minimalen Schutz und umfasst die folgenden Leistungen:<br \/>\nHaftpflichtversicherung f\u00fcr Dritte: Deckt Sch\u00e4den, die Dritten (z. B. anderen Fahrzeugen oder Eigentum) und K\u00f6rperverletzungen im Falle eines Unfalls zugef\u00fcgt werden, wie gesetzlich vorgeschrieben.<br \/>\nKollisionsschadenversicherung (C.D.W.): Begrenzung der Haftung des Mieters f\u00fcr Sch\u00e4den am Fahrzeug mit einem festgelegten Selbstbehalt.<br \/>\nAusschl\u00fcsse: Sch\u00e4den an Reifen, Felgen, Fenstern und der Fahrzeugunterseite oder aufgrund von Fahrl\u00e4ssigkeit sind nicht abgedeckt.<br \/>\nHaftungsbetr\u00e4ge:<br \/>\n\u2022 700 \u20ac f\u00fcr Fahrzeuge der Klassen A, B, C<br \/>\n\u2022 800 \u20ac f\u00fcr Fahrzeuge der Klassen D, E<br \/>\n\u2022 900 \u20ac f\u00fcr Fahrzeuge der Klassen F, X, M<br \/>\n\u2022 1000 \u20ac f\u00fcr Fahrzeuge der Klasse V<br \/>\nF\u00fcr Fahrzeuge der Klasse L gelten spezielle Bedingungen, die von Fall zu Fall bestimmt werden.<\/p>\n<p>Alle genannten Preise sind endg\u00fcltig und beinhalten die Mehrwertsteuer (MwSt.).<\/p>\n<p>Komfort (Teil-) Versicherung<br \/>\nDie Komfortversicherung (Teilversicherung) bietet einen erweiterten Schutz mit einem reduzierten Selbstbehalt und zus\u00e4tzlichen Vorteilen. Sie umfasst die folgenden Leistungen:<br \/>\nHaftpflichtversicherung f\u00fcr Dritte: Deckt Sch\u00e4den, die Dritten (z. B. anderen Fahrzeugen oder Eigentum) und K\u00f6rperverletzungen im Falle eines Unfalls zugef\u00fcgt werden, wie gesetzlich vorgeschrieben.<br \/>\nReduzierter Selbstbehalt: Im Falle von Sch\u00e4den oder Diebstahl des Fahrzeugs wird der Selbstbehalt reduziert, sodass der Mieter weniger zahlen muss, um den Schaden zu decken.<br \/>\nTeilkaskoversicherung: Deckt Sch\u00e4den an Reifen, Felgen und Fenstern.<br \/>\nRund-um-die-Uhr-Pannenhilfe: Sofortige Hilfe im Falle eines Unfalls oder einer Panne.<br \/>\nHaftungsbetr\u00e4ge:<br \/>\n\u2022 490 \u20ac f\u00fcr Fahrzeuge der Klassen A, B, C<br \/>\n\u2022 560 \u20ac f\u00fcr Fahrzeuge der Klassen D, E<br \/>\n\u2022 630 \u20ac f\u00fcr Fahrzeuge der Klassen F, X, M<br \/>\n\u2022 700 \u20ac f\u00fcr Fahrzeuge der Klasse V<br \/>\nF\u00fcr Fahrzeuge der Klasse L gelten spezielle Bedingungen, die von Fall zu Fall bestimmt werden.<\/p>\n<p>Alle genannten Preise sind endg\u00fcltig und beinhalten die Mehrwertsteuer (MwSt.).<\/p>\n<p>Premium-Versicherung<br \/>\nDie Premiumversicherung bietet den h\u00f6chsten Schutz f\u00fcr den Kunden und das Fahrzeug und deckt alle Arten von Sch\u00e4den und Zerst\u00f6rungen ab. Sie umfasst die folgenden Leistungen:<br \/>\nHaftpflichtversicherung f\u00fcr Dritte: Deckt Sch\u00e4den, die Dritten (z. B. anderen Fahrzeugen oder Eigentum) und K\u00f6rperverletzungen im Falle eines Unfalls zugef\u00fcgt werden, wie gesetzlich vorgeschrieben.<br \/>\nVolle Haftungsbefreiung: Der Mieter ist vollst\u00e4ndig gegen Sch\u00e4den oder Diebstahl des Fahrzeugs versichert, einschlie\u00dflich Schutz der Fahrzeugunterseite ohne Selbstbehalt.<br \/>\nRund-um-die-Uhr-Pannenhilfe: Sofortige Hilfe im Falle eines Unfalls oder einer Panne.<br \/>\nPersonenschadenversicherung: Deckt medizinische Ausgaben und Entsch\u00e4digungen f\u00fcr Verletzungen des Fahrers und der Passagiere.<br \/>\nFahrzeugersatz: Bereitstellung eines Ersatzfahrzeugs, falls das gemietete Fahrzeug nicht mehr fahrbereit ist.<\/p>\n<p>ACHTUNG: Keine dieser 3 Kategorien deckt ab:<br \/>\nSch\u00e4den aufgrund von Verst\u00f6\u00dfen gegen die Stra\u00dfenverkehrsordnung (R.T.C.).<br \/>\nSch\u00e4den durch r\u00fccksichtslose Fahrweise.<br \/>\nSch\u00e4den, die auftreten, wenn der Fahrer unter dem Einfluss von Drogen oder Alkohol steht.<br \/>\nSch\u00e4den durch einen nicht deklarierten Fahrer.<br \/>\nSch\u00e4den am Innenraum des Fahrzeugs.<br \/>\nVerlust, Besch\u00e4digung oder Diebstahl der Fahrzeugschl\u00fcssel.<br \/>\nVerlust oder Besch\u00e4digung von Kindersitzen, Wagenhebern, Warndreiecken, Ersatzreifen oder Benzinkappen.<br \/>\nSch\u00e4den am Motor aufgrund der Verwendung von falschem Kraftstoff.<br \/>\nSch\u00e4den am Motor aufgrund von Fahrl\u00e4ssigkeit des Fahrers.<br \/>\nSch\u00e4den, die auftreten, wenn das Fahrzeug auf ungeeigneten Stra\u00dfen oder im Gel\u00e4nde verwendet wird.<br \/>\nSch\u00e4den nach dem vereinbarten R\u00fcckgabezeitpunkt.<br \/>\nSch\u00e4den, die absichtlich oder fahrl\u00e4ssig durch den Mieter verursacht wurden, wie z. B. Kupplungs- oder Reifenverbrennung, Sch\u00e4den an der Motorhaube, dem Kofferraum oder dem Dach durch Sitzen oder Stehen darauf usw.<br \/>\nSch\u00e4den, die nicht bei unserem Unternehmen und der Polizei zum Zeitpunkt des Vorfalls gemeldet wurden.<br \/>\nSch\u00e4den w\u00e4hrend der Begehung von Straftaten.<\/p>\n<\/div><\/section><\/div>\n","protected":false},"excerpt":{"rendered":"","protected":false},"author":1,"featured_media":0,"parent":0,"menu_order":0,"comment_status":"closed","ping_status":"closed","template":"","meta":{"footnotes":""},"class_list":["post-782","page","type-page","status-publish","hentry"],"_links":{"self":[{"href":"https:\/\/grekostar.com\/de\/wp-json\/wp\/v2\/pages\/782","targetHints":{"allow":["GET"]}}],"collection":[{"href":"https:\/\/grekostar.com\/de\/wp-json\/wp\/v2\/pages"}],"about":[{"href":"https:\/\/grekostar.com\/de\/wp-json\/wp\/v2\/types\/page"}],"author":[{"embeddable":true,"href":"https:\/\/grekostar.com\/de\/wp-json\/wp\/v2\/users\/1"}],"replies":[{"embeddable":true,"href":"https:\/\/grekostar.com\/de\/wp-json\/wp\/v2\/comments?post=782"}],"version-history":[{"count":1,"href":"https:\/\/grekostar.com\/de\/wp-json\/wp\/v2\/pages\/782\/revisions"}],"predecessor-version":[{"id":783,"href":"https:\/\/grekostar.com\/de\/wp-json\/wp\/v2\/pages\/782\/revisions\/783"}],"wp:attachment":[{"href":"https:\/\/grekostar.com\/de\/wp-json\/wp\/v2\/media?parent=782"}],"curies":[{"name":"wp","href":"https:\/\/api.w.org\/{rel}","templated":true}]}}