{"id":663,"date":"2025-03-30T13:10:21","date_gmt":"2025-03-30T10:10:21","guid":{"rendered":"https:\/\/gftdemo1.gr\/?page_id=663"},"modified":"2025-10-19T19:19:11","modified_gmt":"2025-10-19T16:19:11","slug":"ueber-uns","status":"publish","type":"page","link":"https:\/\/grekostar.com\/de\/ueber-uns\/","title":{"rendered":"\u00dcBER UNS"},"content":{"rendered":"\n<style type=\"text\/css\" data-created_by=\"avia_inline_auto\" id=\"style-css-av-ma3n2z4c-d8177d43773b146702c75d1488217550\">\n.avia-section.av-ma3n2z4c-d8177d43773b146702c75d1488217550{\nbackground-color:#e59b34;\nbackground-image:unset;\n}\n<\/style>\n<div id='av_section_1'  class='avia-section av-ma3n2z4c-d8177d43773b146702c75d1488217550 main_color avia-section-default avia-no-border-styling  avia-builder-el-0  avia-builder-el-no-sibling  avia-bg-style-scroll container_wrap sidebar_right'  ><div class='container av-section-cont-open' ><main  role=\"main\" itemprop=\"mainContentOfPage\"  class='template-page content  av-content-small alpha units'><div class='post-entry post-entry-type-page post-entry-663'><div class='entry-content-wrapper clearfix'>\n<section  class='av_textblock_section av-ma3n3dx6-a5d6ebcd6bff5501d1095f40b85e52eb '   itemscope=\"itemscope\" itemtype=\"https:\/\/schema.org\/CreativeWork\" ><div class='avia_textblock'  itemprop=\"text\" ><div id=\"layerslider_19_1sqq2yaj8pitr\"  class=\"ls-wp-container fitvidsignore\" style=\"width:1680px;height:520px;margin:0 auto;\"><div class=\"ls-slide\" data-ls=\"bgsize:cover;\"><img loading=\"lazy\" decoding=\"async\" width=\"1920\" height=\"900\" src=\"https:\/\/grekostar.com\/wp-content\/uploads\/2025\/03\/greko-star-rent-a-car-18.webp\" class=\"ls-l ls-img-layer\" alt=\"\" srcset=\"https:\/\/grekostar.com\/wp-content\/uploads\/2025\/03\/greko-star-rent-a-car-18.webp 1920w, https:\/\/grekostar.com\/wp-content\/uploads\/2025\/03\/greko-star-rent-a-car-18-300x141.webp 300w, https:\/\/grekostar.com\/wp-content\/uploads\/2025\/03\/greko-star-rent-a-car-18-1030x483.webp 1030w, https:\/\/grekostar.com\/wp-content\/uploads\/2025\/03\/greko-star-rent-a-car-18-768x360.webp 768w, https:\/\/grekostar.com\/wp-content\/uploads\/2025\/03\/greko-star-rent-a-car-18-1536x720.webp 1536w, https:\/\/grekostar.com\/wp-content\/uploads\/2025\/03\/greko-star-rent-a-car-18-1500x703.webp 1500w, https:\/\/grekostar.com\/wp-content\/uploads\/2025\/03\/greko-star-rent-a-car-18-705x330.webp 705w\" sizes=\"auto, (max-width: 1920px) 100vw, 1920px\" style=\"width:1685px;height:790px;top:-135px;left:-5px;\"><ls-layer style=\"text-align:center;font-size:58px;color:#ffffff;background-color:rgba(112, 104, 104, 0.62);background-position:50% 50%;clip-path:polygon( );left:50%;top:50%;\" class=\"ls-l ls-hide-tablet ls-hide-phone ls-text-layer\" data-ls=\"delayin:50;startatfirst:10;easingin:linear;\">PROFILE<\/ls-layer><\/div><\/div>\n<\/div><\/section>\n\n<style type=\"text\/css\" data-created_by=\"avia_inline_auto\" id=\"style-css-av-ma3n53g3-c3d0ebf1845ba9b1061b0629d276aaa6\">\n#top .hr.hr-invisible.av-ma3n53g3-c3d0ebf1845ba9b1061b0629d276aaa6{\nheight:50px;\n}\n<\/style>\n<div  class='hr av-ma3n53g3-c3d0ebf1845ba9b1061b0629d276aaa6 hr-invisible  avia-builder-el-2  el_after_av_textblock  el_before_av_textblock '><span class='hr-inner '><span class=\"hr-inner-style\"><\/span><\/span><\/div>\n<section  class='av_textblock_section av-ma3n6jrt-9034f5b9368f20a56e51d24accb1aa85 '   itemscope=\"itemscope\" itemtype=\"https:\/\/schema.org\/CreativeWork\" ><div class='avia_textblock'  itemprop=\"text\" ><h1><img loading=\"lazy\" decoding=\"async\" class=\"alignnone wp-image-561 size-full\" src=\"https:\/\/grekostar.com\/wp-content\/uploads\/2025\/03\/GREKOSTAR-LOGO-55.webp\" alt=\"\" width=\"239\" height=\"76\" \/><\/h1>\n<h1>Autovermietung in Thessaloniki, Athen, Preveza, Preveza<\/h1>\n<h2>Firmenprofil der Autovermietung Grekostar<\/h2>\n<p>Grekostar Autovermietung ist seit 2014 t\u00e4tig. Bei uns k\u00f6nnen Sie ein Auto jeder Art mieten oder einen Transfer mit Fahrer anfordern.<\/p>\n<p>Unsere St\u00e4rken sind unser Service und unsere moderne Flotte. Das Ziel von Grekostar ist es, das Vertrauen der Kunden zu sichern, damit sie sich um nichts k\u00fcmmern m\u00fcssen und einfach ihre Reise in Griechenland genie\u00dfen k\u00f6nnen.<\/p>\n<p>Unsere 20-j\u00e4hrige Erfahrung in der Tourismusbranche hat uns geholfen, die Erwartungen unserer G\u00e4ste genau zu verstehen. Wir tun alles, damit dieser Urlaub der angenehmste in ihrem Leben wird.<\/p>\n<p>Wir sind ehrlich zu unseren Kunden und k\u00fcmmern uns um unseren guten Ruf. Au\u00dferdem sind wir in Notf\u00e4llen 24 Stunden am Tag erreichbar, auch am Wochenende.<\/p>\n<p>Wir bieten eine gro\u00dfe Auswahl an Fahrzeugen, um Ihren Bed\u00fcrfnissen gerecht zu werden, von kleinen und sparsamen Stadtautos bis hin zu ger\u00e4umigen Familien- und Luxusmodellen.<\/p>\n<p><strong>Warum sollten Sie uns w\u00e4hlen?<\/strong><\/p>\n<ul>\n<li>Gro\u00dfe Auswahl an Fahrzeugen.<\/li>\n<li>Wir verf\u00fcgen \u00fcber einen modernen Fuhrpark mit einer modernen Fahrzeugflotte, mit der Sie das ideale Fahrzeug f\u00fcr Ihren Fuhrpark finden werden:<\/li>\n<li>Wir bieten erschwingliche Preise und regelm\u00e4\u00dfige Sonderangebote, damit Sie den bestm\u00f6glichen Preis erhalten.<\/li>\n<li>Wir bieten wettbewerbsf\u00e4hige Preise und die besten Angebote, um sicherzustellen, dass Sie die bestm\u00f6glichen Preise zum besten Preis erhalten: Unser Team ist immer bereit, Ihnen bei allen Fragen zu helfen, von der Auswahl eines Fahrzeugs bis zur R\u00fcckgabe.<\/li>\n<li>Bequemlichkeit und Flexibilit\u00e4t: Buchen Sie online in wenigen Minuten und holen Sie Ihr Auto an unseren Hauptsitzen in Thessaloniki, Athen und Preveza ab.<br \/>\nAthen, Athen, Athen, Athen, Athen und Athen: Alle unsere Fahrzeuge sind versichert und werden zu Ihrer Sicherheit regelm\u00e4\u00dfig gewartet.<\/li>\n<\/ul>\n<\/div><\/section>\n<\/div><\/div><\/main><!-- close content main element --><\/div><\/div><div id='after_section_1'  class='main_color av_default_container_wrap container_wrap sidebar_right'  ><div class='container av-section-cont-open' ><div class='template-page content  av-content-small alpha units'><div class='post-entry post-entry-type-page post-entry-663'><div class='entry-content-wrapper clearfix'>\n","protected":false},"excerpt":{"rendered":"","protected":false},"author":1,"featured_media":0,"parent":0,"menu_order":0,"comment_status":"closed","ping_status":"closed","template":"","meta":{"footnotes":""},"class_list":["post-663","page","type-page","status-publish","hentry"],"_links":{"self":[{"href":"https:\/\/grekostar.com\/de\/wp-json\/wp\/v2\/pages\/663","targetHints":{"allow":["GET"]}}],"collection":[{"href":"https:\/\/grekostar.com\/de\/wp-json\/wp\/v2\/pages"}],"about":[{"href":"https:\/\/grekostar.com\/de\/wp-json\/wp\/v2\/types\/page"}],"author":[{"embeddable":true,"href":"https:\/\/grekostar.com\/de\/wp-json\/wp\/v2\/users\/1"}],"replies":[{"embeddable":true,"href":"https:\/\/grekostar.com\/de\/wp-json\/wp\/v2\/comments?post=663"}],"version-history":[{"count":8,"href":"https:\/\/grekostar.com\/de\/wp-json\/wp\/v2\/pages\/663\/revisions"}],"predecessor-version":[{"id":1560,"href":"https:\/\/grekostar.com\/de\/wp-json\/wp\/v2\/pages\/663\/revisions\/1560"}],"wp:attachment":[{"href":"https:\/\/grekostar.com\/de\/wp-json\/wp\/v2\/media?parent=663"}],"curies":[{"name":"wp","href":"https:\/\/api.w.org\/{rel}","templated":true}]}}