{"id":601,"date":"2025-03-31T13:36:58","date_gmt":"2025-03-31T10:36:58","guid":{"rendered":"https:\/\/gftdemo1.gr\/kontakt\/"},"modified":"2025-04-30T10:52:24","modified_gmt":"2025-04-30T07:52:24","slug":"kontakt","status":"publish","type":"page","link":"https:\/\/grekostar.com\/de\/kontakt\/","title":{"rendered":"KONTAKT"},"content":{"rendered":"\n<style type=\"text\/css\" data-created_by=\"avia_inline_auto\" id=\"style-css-av-m8yuym07-127d2b6994f67b2a3d79363c4ce17b13\">\n.avia-section.av-m8yuym07-127d2b6994f67b2a3d79363c4ce17b13{\nbackground-color:#e59b34;\nbackground-image:unset;\n}\n<\/style>\n<div id='av_section_1'  class='avia-section av-m8yuym07-127d2b6994f67b2a3d79363c4ce17b13 main_color avia-section-default avia-no-border-styling  avia-builder-el-0  el_before_av_layout_row  avia-builder-el-first  avia-bg-style-scroll container_wrap sidebar_right'  ><div class='container av-section-cont-open' ><main  role=\"main\" itemprop=\"mainContentOfPage\"  class='template-page content  av-content-small alpha units'><div class='post-entry post-entry-type-page post-entry-601'><div class='entry-content-wrapper clearfix'>\n<section  class='av_textblock_section av-ma3n1f2p-905fa88be231b083c0f5448f55cdf890 '   itemscope=\"itemscope\" itemtype=\"https:\/\/schema.org\/CreativeWork\" ><div class='avia_textblock'  itemprop=\"text\" ><div id=\"layerslider_20_19cb0qrbs8i5i\"  class=\"ls-wp-container fitvidsignore\" style=\"width:1680px;height:520px;margin:0 auto;\"><div class=\"ls-slide\" ><img loading=\"lazy\" decoding=\"async\" width=\"1620\" height=\"520\" src=\"https:\/\/grekostar.com\/wp-content\/uploads\/2025\/04\/greko-star-rent-a-car-20.webp\" class=\"ls-l ls-img-layer\" alt=\"\" srcset=\"https:\/\/grekostar.com\/wp-content\/uploads\/2025\/04\/greko-star-rent-a-car-20.webp 1620w, https:\/\/grekostar.com\/wp-content\/uploads\/2025\/04\/greko-star-rent-a-car-20-300x96.webp 300w, https:\/\/grekostar.com\/wp-content\/uploads\/2025\/04\/greko-star-rent-a-car-20-1030x331.webp 1030w, https:\/\/grekostar.com\/wp-content\/uploads\/2025\/04\/greko-star-rent-a-car-20-768x247.webp 768w, https:\/\/grekostar.com\/wp-content\/uploads\/2025\/04\/greko-star-rent-a-car-20-1536x493.webp 1536w, https:\/\/grekostar.com\/wp-content\/uploads\/2025\/04\/greko-star-rent-a-car-20-1500x481.webp 1500w, https:\/\/grekostar.com\/wp-content\/uploads\/2025\/04\/greko-star-rent-a-car-20-705x226.webp 705w\" sizes=\"auto, (max-width: 1620px) 100vw, 1620px\" style=\"width:1694px;height:544px;top:-20px;left:-2px;\"><ls-layer style=\"text-align:center;font-size:34px;color:#ffffff;background-color:rgba(112, 104, 104, 0.62);background-position:50% 50%;clip-path:polygon( );left:10.21%;top:49.33%;\" class=\"ls-l ls-hide-desktop ls-hide-tablet ls-text-layer\" data-ls=\"delayin:50;startatfirst:10;easingin:linear;\">KONTAKT<\/ls-layer><ls-layer style=\"text-align:center;font-size:58px;color:#ffffff;background-color:rgba(112, 104, 104, 0.62);background-position:50% 50%;clip-path:polygon( );left:50.02%;top:50.1%;\" class=\"ls-l ls-hide-tablet ls-hide-phone ls-text-layer\" data-ls=\"delayin:50;startatfirst:10;easingin:linear;\">KONTAKT<\/ls-layer><ls-layer style=\"text-align:center;font-size:58px;color:#ffffff;background-color:rgba(112, 104, 104, 0.62);background-position:50% 50%;clip-path:polygon( );left:32.17%;top:50.1%;\" class=\"ls-l ls-hide-desktop ls-hide-phone ls-text-layer\" data-ls=\"delayin:50;startatfirst:10;easingin:linear;\">KONTAKT<\/ls-layer><\/div><\/div>\n<\/div><\/section>\n\n<style type=\"text\/css\" data-created_by=\"avia_inline_auto\" id=\"style-css-av-ma3n142e-058e667a798ad6098df656855d2d58ee\">\n#top .hr.hr-invisible.av-ma3n142e-058e667a798ad6098df656855d2d58ee{\nheight:50px;\n}\n<\/style>\n<div  class='hr av-ma3n142e-058e667a798ad6098df656855d2d58ee hr-invisible  avia-builder-el-2  el_after_av_textblock  el_before_av_textblock '><span class='hr-inner '><span class=\"hr-inner-style\"><\/span><\/span><\/div>\n\n<style type=\"text\/css\" data-created_by=\"avia_inline_auto\" id=\"style-css-av-m8yuwpyw-db9e0ba3c89b8597da5f85071b902dd2\">\n#top .av_textblock_section.av-m8yuwpyw-db9e0ba3c89b8597da5f85071b902dd2 .avia_textblock{\nfont-size:18px;\n}\n<\/style>\n<section  class='av_textblock_section av-m8yuwpyw-db9e0ba3c89b8597da5f85071b902dd2 '   itemscope=\"itemscope\" itemtype=\"https:\/\/schema.org\/CreativeWork\" ><div class='avia_textblock'  itemprop=\"text\" ><h2 style=\"text-align: center;\">Kontakt<\/h2>\n<p style=\"text-align: center;\">F\u00fcr Reservierungen und Informationen \u00fcber Autovermietung oder Transfers rufen Sie bitte t\u00e4glich von 08:00 bis 22:00 Uhr unter den folgenden Telefonnummern an. (Im Falle eines Notfalls 24 Stunden Betrieb).<\/p>\n<\/div><\/section>\n<\/div><\/div><\/main><!-- close content main element --><\/div><\/div><div id='av-layout-grid-1'  class='av-layout-grid-container av-s2i9f-4653bcbe309169981b70b2f627fceb42 entry-content-wrapper main_color av-flex-cells  avia-builder-el-4  el_after_av_section  el_before_av_section  grid-row-not-first  container_wrap sidebar_right'  >\n\n<style type=\"text\/css\" data-created_by=\"avia_inline_auto\" id=\"style-css-av-kwg4z-1d938f93462f9a99012ab36b7e9396b4\">\n.flex_cell.av-kwg4z-1d938f93462f9a99012ab36b7e9396b4{\nvertical-align:top;\nbackground-color:#e59b34;\n}\n<\/style>\n<div class='flex_cell av-kwg4z-1d938f93462f9a99012ab36b7e9396b4 av-gridrow-cell av_one_third no_margin  avia-builder-el-5  el_before_av_cell_one_third  avia-builder-el-first  content-align-top'  ><div class='flex_cell_inner'><p><section  class='av_textblock_section av-m8yv7u8w-b0c8b592685209075954ef2dc5509115 '   itemscope=\"itemscope\" itemtype=\"https:\/\/schema.org\/CreativeWork\" ><div class='avia_textblock'  itemprop=\"text\" ><div id=\"layerslider_21_p63r3vd0asgd\"  class=\"ls-wp-container fitvidsignore ls-selectable\" style=\"width:500px;height:435px;margin:0 auto;\"><div class=\"ls-slide\" data-ls=\"bgcolor:#ffffff;duration:3000;transition2d:16;transitionduration:3000;\"><ls-layer style=\"\" class=\"ls-l ls-html-layer\"><iframe src=\"https:\/\/www.google.com\/maps\/embed?pb=!1m18!1m12!1m3!1d3032.657133259548!2d23.007259700000002!3d40.527068899999996!2m3!1f0!2f0!3f0!3m2!1i1024!2i768!4f13.1!3m3!1m2!1s0x14a83ed87bbcaaeb%3A0x2a96434723ffaa51!2sGREKOSTAR%20Car%20Rental%20%26%20Transfer!5e0!3m2!1sel!2sgr!4v1743534047632!5m2!1sel!2sgr\" width=\"500\" height=\"435\" style=\"border:0;\" allowfullscreen=\"\" loading=\"lazy\" referrerpolicy=\"no-referrer-when-downgrade\"><\/iframe><\/ls-layer><\/div><\/div>\n<\/div><\/section><br \/>\n<section  class='av_textblock_section av-7jrcr-8a1ebf205c35d975e3e1b2b9c192b631 '   itemscope=\"itemscope\" itemtype=\"https:\/\/schema.org\/CreativeWork\" ><div class='avia_textblock'  itemprop=\"text\" ><p style=\"text-align: center;\"><strong>THESSALONIKH<\/strong><\/p>\n<p style=\"text-align: center;\">Telefonische Reservierung<\/p>\n<p style=\"text-align: center;\"><strong>+30 2314032948<\/strong><\/p>\n<\/div><\/section><\/p>\n<\/div><\/div>\n<style type=\"text\/css\" data-created_by=\"avia_inline_auto\" id=\"style-css-av-gwwp7-ce726155d355b28c2c2b2ff75b4a8b5f\">\n.flex_cell.av-gwwp7-ce726155d355b28c2c2b2ff75b4a8b5f{\nvertical-align:top;\nbackground-color:#e59b34;\n}\n<\/style>\n<div class='flex_cell av-gwwp7-ce726155d355b28c2c2b2ff75b4a8b5f av-gridrow-cell av_one_third no_margin  avia-builder-el-8  el_after_av_cell_one_third  el_before_av_cell_one_third  content-align-top'  ><div class='flex_cell_inner'><p><section  class='av_textblock_section av-m8yve3z4-9e0a9225414e0840977374234a12dfa9 '   itemscope=\"itemscope\" itemtype=\"https:\/\/schema.org\/CreativeWork\" ><div class='avia_textblock'  itemprop=\"text\" ><div id=\"layerslider_22_18yj06gthz8u9\"  class=\"ls-wp-container fitvidsignore ls-selectable\" style=\"width:500px;height:435px;margin:0 auto;\"><div class=\"ls-slide\" data-ls=\"bgcolor:#ffffff;duration:3000;transition2d:16;transitionduration:3000;\"><ls-layer style=\"\" class=\"ls-l ls-html-layer\"><iframe src=\"https:\/\/www.google.com\/maps\/embed?pb=!1m18!1m12!1m3!1d3147.767542300586!2d23.9231465!3d37.9124958!2m3!1f0!2f0!3f0!3m2!1i1024!2i768!4f13.1!3m3!1m2!1s0x14a191bd29bddc47%3A0x7b1d560998ac850!2sGrekostar%20Athens%20Car%20Rentals!5e0!3m2!1sel!2sgr!4v1743534387881!5m2!1sel!2sgr\" width=\"500\" height=\"435\" style=\"border:0;\" allowfullscreen=\"\" loading=\"lazy\" referrerpolicy=\"no-referrer-when-downgrade\"><\/iframe><\/ls-layer><\/div><\/div>\n<\/div><\/section><br \/>\n<section  class='av_textblock_section av-m8yvb1uu-a1c3a1113563b32bd5fd08537dd210ed '   itemscope=\"itemscope\" itemtype=\"https:\/\/schema.org\/CreativeWork\" ><div class='avia_textblock'  itemprop=\"text\" ><p style=\"text-align: center;\"><strong>ATHEN <\/strong><\/p>\n<p style=\"text-align: center;\">Tel. Reservierungen<\/p>\n<p style=\"text-align: center;\"><strong>+30 6945323577 <\/strong><\/p>\n<\/div><\/section><\/p>\n<\/div><\/div>\n<style type=\"text\/css\" data-created_by=\"avia_inline_auto\" id=\"style-css-av-a00tn-cf6856a8f1e9a85e2018f50cca0d7339\">\n.flex_cell.av-a00tn-cf6856a8f1e9a85e2018f50cca0d7339{\nvertical-align:top;\nbackground-color:#e59b34;\n}\n<\/style>\n<div class='flex_cell av-a00tn-cf6856a8f1e9a85e2018f50cca0d7339 av-gridrow-cell av_one_third no_margin  avia-builder-el-11  el_after_av_cell_one_third  avia-builder-el-last  content-align-top'  ><div class='flex_cell_inner'><p><section  class='av_textblock_section av-m8yvgsho-18cf4b65c008f95897a30a64da8b08df '   itemscope=\"itemscope\" itemtype=\"https:\/\/schema.org\/CreativeWork\" ><div class='avia_textblock'  itemprop=\"text\" ><div id=\"layerslider_23_139xz6snedvwi\"  class=\"ls-wp-container fitvidsignore ls-selectable\" style=\"width:500px;height:435px;margin:0 auto;\"><div class=\"ls-slide\" data-ls=\"bgcolor:#ffffff;duration:3000;transition2d:16;transitionduration:3000;\"><ls-layer style=\"\" class=\"ls-l ls-html-layer\"><iframe src=\"https:\/\/www.google.com\/maps\/embed?pb=!1m18!1m12!1m3!1d3103.7015815564196!2d20.7705035!3d38.9307978!2m3!1f0!2f0!3f0!3m2!1i1024!2i768!4f13.1!3m3!1m2!1s0x135c39d92799f525%3A0xe79e03f8c0daa476!2sGrekostar%20Aktio%20Car%20Rentals!5e0!3m2!1sel!2sgr!4v1743534527430!5m2!1sel!2sgr\" width=\"500\" height=\"435\" style=\"border:0;\" allowfullscreen=\"\" loading=\"lazy\" referrerpolicy=\"no-referrer-when-downgrade\"><\/iframe><\/ls-layer><\/div><\/div>\n<\/div><\/section><br \/>\n<section  class='av_textblock_section av-m8yvh9yd-e7c97be5ce164965485c850878c312ff '   itemscope=\"itemscope\" itemtype=\"https:\/\/schema.org\/CreativeWork\" ><div class='avia_textblock'  itemprop=\"text\" ><p style=\"text-align: center;\"><strong>PREVEZA <\/strong><\/p>\n<p style=\"text-align: center;\">Tel. Reservierungen<\/p>\n<p style=\"text-align: center;\"><strong>+30 6999147340<\/strong><\/p>\n<\/div><\/section><\/p>\n<\/div><\/div><\/div>\n<style type=\"text\/css\" data-created_by=\"avia_inline_auto\" id=\"style-css-av-m8wytgju-b8b47d5a6db3acdf84bc51d31a8fa2a1\">\n.avia-section.av-m8wytgju-b8b47d5a6db3acdf84bc51d31a8fa2a1{\nbackground-color:#e5b777;\nbackground-image:unset;\n}\n<\/style>\n<div id='av_section_2'  class='avia-section av-m8wytgju-b8b47d5a6db3acdf84bc51d31a8fa2a1 main_color avia-section-default avia-no-border-styling  avia-builder-el-14  el_after_av_layout_row  avia-builder-el-last  avia-bg-style-scroll container_wrap sidebar_right'  ><div class='container av-section-cont-open' ><div class='template-page content  av-content-small alpha units'><div class='post-entry post-entry-type-page post-entry-601'><div class='entry-content-wrapper clearfix'>\n<section  class='av_textblock_section av-m8ywfoci-1fab0df91fcf8c5b7ee9c79123e243f9 '   itemscope=\"itemscope\" itemtype=\"https:\/\/schema.org\/CreativeWork\" ><div class='avia_textblock'  itemprop=\"text\" ><p>Senden Sie eine E-Mail und einer unserer Mitarbeiter wird Ihnen helfen.<\/p>\n<\/div><\/section>\n<section  class='av_textblock_section av-m8wxvbiz-749050e0e5b00e0a3a36960270749045 '   itemscope=\"itemscope\" itemtype=\"https:\/\/schema.org\/CreativeWork\" ><div class='avia_textblock'  itemprop=\"text\" >\n<div class=\"wpcf7 no-js\" id=\"wpcf7-f1566-o1\" lang=\"de-DE\" dir=\"ltr\" data-wpcf7-id=\"1566\">\n<div class=\"screen-reader-response\"><p role=\"status\" aria-live=\"polite\" aria-atomic=\"true\"><\/p> <ul><\/ul><\/div>\n<form action=\"\/de\/wp-json\/wp\/v2\/pages\/601#wpcf7-f1566-o1\" method=\"post\" class=\"wpcf7-form init\" aria-label=\"Kontaktformular\" novalidate=\"novalidate\" data-status=\"init\">\n<fieldset class=\"hidden-fields-container\"><input type=\"hidden\" name=\"_wpcf7\" value=\"1566\" \/><input type=\"hidden\" name=\"_wpcf7_version\" value=\"6.1.5\" \/><input type=\"hidden\" name=\"_wpcf7_locale\" value=\"de_DE\" \/><input type=\"hidden\" name=\"_wpcf7_unit_tag\" value=\"wpcf7-f1566-o1\" \/><input type=\"hidden\" name=\"_wpcf7_container_post\" value=\"0\" \/><input type=\"hidden\" name=\"_wpcf7_posted_data_hash\" value=\"\" \/><input type=\"hidden\" name=\"_wpcf7_recaptcha_response\" value=\"\" \/>\n<\/fieldset>\n<div class=\"uacf7-form-wrapper-container uacf7-form-1566  \"><div class=\"uacf7-row\"><div class=\"uacf7-col-6\"> \n<label> Name\n    <span class=\"wpcf7-form-control-wrap\" data-name=\"your-name\"><input size=\"40\" maxlength=\"400\" class=\"wpcf7-form-control wpcf7-text wpcf7-validates-as-required\" autocomplete=\"name\" aria-required=\"true\" aria-invalid=\"false\" value=\"\" type=\"text\" name=\"your-name\" \/><\/span> <\/label> <\/div><div class=\"uacf7-col-6\"> \n<label> Nachname\n    <span class=\"wpcf7-form-control-wrap\" data-name=\"your-name\"><input size=\"40\" maxlength=\"400\" class=\"wpcf7-form-control wpcf7-text wpcf7-validates-as-required\" autocomplete=\"name\" aria-required=\"true\" aria-invalid=\"false\" value=\"\" type=\"text\" name=\"your-name\" \/><\/span> <\/label><\/div><\/div>\n\n<div class=\"uacf7-row\"><div class=\"uacf7-col-6\"><label> Telefon (obligatorisch)\n<span class=\"wpcf7-form-control-wrap\" data-name=\"tel-222\"><input size=\"40\" maxlength=\"400\" class=\"wpcf7-form-control wpcf7-tel wpcf7-validates-as-required wpcf7-text wpcf7-validates-as-tel Your Phone\" autocomplete=\"tel\" aria-required=\"true\" aria-invalid=\"false\" placeholder=\"\" value=\"\" type=\"tel\" name=\"tel-222\" \/><\/span>  <\/label> <\/div><div class=\"uacf7-col-6\"> <label> Kontakt-E-Mail \n    <span class=\"wpcf7-form-control-wrap\" data-name=\"your-email\"><input size=\"40\" maxlength=\"400\" class=\"wpcf7-form-control wpcf7-email wpcf7-validates-as-required wpcf7-text wpcf7-validates-as-email\" autocomplete=\"email\" aria-required=\"true\" aria-invalid=\"false\" value=\"\" type=\"email\" name=\"your-email\" \/><\/span> <\/label><\/div><\/div>\n\n<div class=\"uacf7-row\"><div class=\"uacf7-col-12\"> <label> Ihre Nachricht \n    <span class=\"wpcf7-form-control-wrap\" data-name=\"your-message\"><textarea cols=\"40\" rows=\"10\" maxlength=\"2000\" class=\"wpcf7-form-control wpcf7-textarea\" aria-invalid=\"false\" name=\"your-message\"><\/textarea><\/span> <\/label><\/div><\/div>\n\n\n\n<input class=\"wpcf7-form-control wpcf7-submit has-spinner\" type=\"submit\" value=\"Mission\" \/><\/div><div class=\"wpcf7-response-output\" aria-hidden=\"true\"><\/div>\n<\/form>\n<\/div>\n\n<\/div><\/section>\n<\/div><\/div><\/div><!-- close content main div --><\/div><\/div><div id='after_section_2'  class='main_color av_default_container_wrap container_wrap sidebar_right'  ><div class='container av-section-cont-open' ><div class='template-page content  av-content-small alpha units'><div class='post-entry post-entry-type-page post-entry-601'><div class='entry-content-wrapper clearfix'><\/p>\n","protected":false},"excerpt":{"rendered":"","protected":false},"author":1,"featured_media":0,"parent":0,"menu_order":0,"comment_status":"closed","ping_status":"closed","template":"","meta":{"footnotes":""},"class_list":["post-601","page","type-page","status-publish","hentry"],"_links":{"self":[{"href":"https:\/\/grekostar.com\/de\/wp-json\/wp\/v2\/pages\/601","targetHints":{"allow":["GET"]}}],"collection":[{"href":"https:\/\/grekostar.com\/de\/wp-json\/wp\/v2\/pages"}],"about":[{"href":"https:\/\/grekostar.com\/de\/wp-json\/wp\/v2\/types\/page"}],"author":[{"embeddable":true,"href":"https:\/\/grekostar.com\/de\/wp-json\/wp\/v2\/users\/1"}],"replies":[{"embeddable":true,"href":"https:\/\/grekostar.com\/de\/wp-json\/wp\/v2\/comments?post=601"}],"version-history":[{"count":4,"href":"https:\/\/grekostar.com\/de\/wp-json\/wp\/v2\/pages\/601\/revisions"}],"predecessor-version":[{"id":856,"href":"https:\/\/grekostar.com\/de\/wp-json\/wp\/v2\/pages\/601\/revisions\/856"}],"wp:attachment":[{"href":"https:\/\/grekostar.com\/de\/wp-json\/wp\/v2\/media?parent=601"}],"curies":[{"name":"wp","href":"https:\/\/api.w.org\/{rel}","templated":true}]}}