{"id":1598,"date":"2025-03-26T15:45:45","date_gmt":"2025-03-26T13:45:45","guid":{"rendered":"https:\/\/grekostar.com\/mietwagen-preveza\/"},"modified":"2025-10-25T21:23:55","modified_gmt":"2025-10-25T18:23:55","slug":"mietwagen-preveza","status":"publish","type":"page","link":"https:\/\/grekostar.com\/de\/mietwagen-preveza\/","title":{"rendered":"Mietwagen Preveza"},"content":{"rendered":"\n<style type=\"text\/css\" data-created_by=\"avia_inline_auto\" id=\"style-css-av-mgci3xqg-555eff05fad96f568c6beccd9481a4ad\">\n.avia-section.av-mgci3xqg-555eff05fad96f568c6beccd9481a4ad{\nbackground-color:#ffae18;\nbackground-image:unset;\n}\n<\/style>\n<div id='av_section_1'  class='avia-section av-mgci3xqg-555eff05fad96f568c6beccd9481a4ad main_color avia-section-default avia-no-border-styling  avia-builder-el-0  el_before_av_three_fourth  avia-builder-el-first  avia-bg-style-scroll container_wrap sidebar_right'  ><div class='container av-section-cont-open' ><main  role=\"main\" itemprop=\"mainContentOfPage\"  class='template-page content  av-content-small alpha units'><div class='post-entry post-entry-type-page post-entry-1598'><div class='entry-content-wrapper clearfix'>\n<div  class='flex_column av-xob4-f3084e334b21e34b6e66ad7c8a11b02b av_one_full  avia-builder-el-1  avia-builder-el-no-sibling  first flex_column_div  '     ><style type=\"text\/css\" data-created_by=\"avia_inline_auto\" id=\"style-css-av-m8px40y4-2de7a8af0c5be44e4416c5a07128a88b\">\n#top .av_textblock_section.av-m8px40y4-2de7a8af0c5be44e4416c5a07128a88b .avia_textblock{\nfont-size:18px;\n}\n<\/style>\n<section  class='av_textblock_section av-m8px40y4-2de7a8af0c5be44e4416c5a07128a88b '   itemscope=\"itemscope\" itemtype=\"https:\/\/schema.org\/CreativeWork\" ><div class='avia_textblock'  itemprop=\"text\" ><h1 style=\"text-align: center;\">Mietwagen Preveza<\/h1>\n<h3 style=\"text-align: center;\">Mietwagen in Preveza \u2013 Entdecken Sie Epirus, Lefkada und das tiefblaue Wasser des Ionischen Meeres.<\/h3>\n<p style=\"text-align: center;\">Mietwagen Preveza F\u00fcr alle, die Preveza besuchen, bieten wir hochwertige Autos f\u00fcr Erkundungstouren auf der Halbinsel und an den Str\u00e4nden an. Reservieren Sie online und mieten Sie Ihr Fahrzeug sofort. Mit Abholstellen in zentralen Orten und am Flughafen k\u00f6nnen Sie das gew\u00fcnschte Auto mit einfachen Verfahren erhalten.<\/p>\n<p style=\"text-align: center;\">Genie\u00dfen Sie die bezaubernden Str\u00e4nde und malerischen D\u00f6rfer von Preveza mit dem Komfort eines Mietwagens. Besuchen Sie die antike Stadt Nikopolis, das Nekromanteion und Parga.<\/p>\n<\/div><\/section><br \/>\n<section  class='av_textblock_section av-mgbyz463-aebe54d62c5b3636d234cc9594ea7173 '   itemscope=\"itemscope\" itemtype=\"https:\/\/schema.org\/CreativeWork\" ><div class='avia_textblock'  itemprop=\"text\" >\n<\/div><\/section><\/p><\/div><\/div><\/div><\/main><!-- close content main element --><\/div><\/div><div id='after_section_1'  class='main_color av_default_container_wrap container_wrap sidebar_right'  ><div class='container av-section-cont-open' ><div class='template-page content  av-content-small alpha units'><div class='post-entry post-entry-type-page post-entry-1598'><div class='entry-content-wrapper clearfix'><div  class='flex_column av-11csk-2c25f5a962c99cb9f25df64e53ca9cd9 av_three_fourth  avia-builder-el-4  el_after_av_section  avia-builder-el-no-sibling  first flex_column_div  '     ><\/div><\/p>\n","protected":false},"excerpt":{"rendered":"","protected":false},"author":1,"featured_media":0,"parent":0,"menu_order":0,"comment_status":"closed","ping_status":"closed","template":"","meta":{"footnotes":""},"class_list":["post-1598","page","type-page","status-publish","hentry"],"_links":{"self":[{"href":"https:\/\/grekostar.com\/de\/wp-json\/wp\/v2\/pages\/1598","targetHints":{"allow":["GET"]}}],"collection":[{"href":"https:\/\/grekostar.com\/de\/wp-json\/wp\/v2\/pages"}],"about":[{"href":"https:\/\/grekostar.com\/de\/wp-json\/wp\/v2\/types\/page"}],"author":[{"embeddable":true,"href":"https:\/\/grekostar.com\/de\/wp-json\/wp\/v2\/users\/1"}],"replies":[{"embeddable":true,"href":"https:\/\/grekostar.com\/de\/wp-json\/wp\/v2\/comments?post=1598"}],"version-history":[{"count":4,"href":"https:\/\/grekostar.com\/de\/wp-json\/wp\/v2\/pages\/1598\/revisions"}],"predecessor-version":[{"id":1647,"href":"https:\/\/grekostar.com\/de\/wp-json\/wp\/v2\/pages\/1598\/revisions\/1647"}],"wp:attachment":[{"href":"https:\/\/grekostar.com\/de\/wp-json\/wp\/v2\/media?parent=1598"}],"curies":[{"name":"wp","href":"https:\/\/api.w.org\/{rel}","templated":true}]}}